{"id":481,"date":"2024-04-08T17:21:10","date_gmt":"2024-04-08T15:21:10","guid":{"rendered":"https:\/\/demo.creativethemes.com\/blocksy\/floreo\/?post_type=product&#038;p=481"},"modified":"2026-04-10T13:41:06","modified_gmt":"2026-04-10T11:41:06","slug":"faucibus-interdum","status":"publish","type":"product","link":"https:\/\/cueillettesetpotions.fr\/index.php\/produit\/faucibus-interdum\/","title":{"rendered":"Aub\u00e9pine"},"content":{"rendered":"<p>Pour en savoir plus sur les propri\u00e9t\u00e9s des bourgeons d\u2019Aub\u00e9pine : plus d&rsquo;infos <a href=\"https:\/\/www.feh.be\/2022\/12\/16\/aubepine\/\" target=\"_blank\" rel=\"noopener\">ici<\/a>.<\/p>\n","protected":false},"excerpt":{"rendered":"<p class=\"p1\">Mac\u00e9r\u00e2t-m\u00e8re bio de bourgeons d\u2019Aub\u00e9pine<br \/>\nFlacon de 30ml avec pipette compte-goutte.<br \/>\nProduits issus de l\u2019agriculture biologique Certifi\u00e9 par FR-BIO-01<br \/>\n1 flacon = deux cures de 21 jours.<br \/>\nBourgeons frais, non congel\u00e9s.<\/p>\n<p>&nbsp;<\/p>\n<p class=\"p1\"><span class=\"s1\"><strong>Composition\u00a0:<\/strong> <\/span><\/p>\n<ul class=\"ul1\">\n<li class=\"li1\">Miel*<\/li>\n<li class=\"li1\">Alcool de pomme (36% vol.)*<\/li>\n<li class=\"li1\">Eau<\/li>\n<li class=\"li1\">Bourgeons d\u2019Aub\u00e9pine (<i>Crataegus monogyna Jacq.<\/i>)*<\/li>\n<\/ul>\n<p class=\"p1\">*produits locaux issus de l\u2019agriculture biologique<\/p>\n<p>&nbsp;<\/p>\n<p class=\"p1\"><span class=\"s1\"><strong>Posologie\u00a0:<\/strong> <\/span><\/p>\n<p class=\"p1\">Pour un.e adulte\u00a0: 5 \u00e0 15 gouttes par jour, en 1 \u00e0 3 prises en dehors des repas, pures ou dilu\u00e9es dans un peu d\u2019eau. En cure de 21 jours renouvelable apr\u00e8s une semaine de pause.<\/p>\n<p>&nbsp;<\/p>\n<p class=\"p1\"><strong><span class=\"s1\">Pr\u00e9caution d\u2019emploi\u00a0:<\/span><\/strong><\/p>\n<ul class=\"ul1\">\n<li>Contient de l&rsquo;alcool.<\/li>\n<li>D\u00e9conseill\u00e9 chez les jeunes enfants ainsi que les femmes enceintes et allaitantes sans avis m\u00e9dical.<\/li>\n<li class=\"li1\">Respecter les doses conseill\u00e9es.<\/li>\n<li class=\"li1\">Ne peut se substituer \u00e0 une alimentation vari\u00e9e et \u00e9quilibr\u00e9e.<\/li>\n<li class=\"li1\">Tenir hors de la port\u00e9e des jeunes enfants.<\/li>\n<li class=\"li1\">Conserver dans un endroit frais.<\/li>\n<li class=\"li1\">Un l\u00e9ger trouble est possible. Agiter avant emploi.<\/li>\n<\/ul>\n","protected":false},"featured_media":1514,"comment_status":"closed","ping_status":"closed","template":"","meta":[],"product_brand":[],"product_cat":[27],"product_tag":[],"class_list":{"0":"post-481","1":"product","2":"type-product","3":"status-publish","4":"has-post-thumbnail","6":"product_cat-gemmotherapie","8":"first","9":"instock","10":"taxable","11":"shipping-taxable","12":"purchasable","13":"product-type-simple"},"jetpack_sharing_enabled":true,"_links":{"self":[{"href":"https:\/\/cueillettesetpotions.fr\/index.php\/wp-json\/wp\/v2\/product\/481","targetHints":{"allow":["GET"]}}],"collection":[{"href":"https:\/\/cueillettesetpotions.fr\/index.php\/wp-json\/wp\/v2\/product"}],"about":[{"href":"https:\/\/cueillettesetpotions.fr\/index.php\/wp-json\/wp\/v2\/types\/product"}],"replies":[{"embeddable":true,"href":"https:\/\/cueillettesetpotions.fr\/index.php\/wp-json\/wp\/v2\/comments?post=481"}],"wp:featuredmedia":[{"embeddable":true,"href":"https:\/\/cueillettesetpotions.fr\/index.php\/wp-json\/wp\/v2\/media\/1514"}],"wp:attachment":[{"href":"https:\/\/cueillettesetpotions.fr\/index.php\/wp-json\/wp\/v2\/media?parent=481"}],"wp:term":[{"taxonomy":"product_brand","embeddable":true,"href":"https:\/\/cueillettesetpotions.fr\/index.php\/wp-json\/wp\/v2\/product_brand?post=481"},{"taxonomy":"product_cat","embeddable":true,"href":"https:\/\/cueillettesetpotions.fr\/index.php\/wp-json\/wp\/v2\/product_cat?post=481"},{"taxonomy":"product_tag","embeddable":true,"href":"https:\/\/cueillettesetpotions.fr\/index.php\/wp-json\/wp\/v2\/product_tag?post=481"}],"curies":[{"name":"wp","href":"https:\/\/api.w.org\/{rel}","templated":true}]}}