{"id":1749,"date":"2024-07-09T12:37:23","date_gmt":"2024-07-09T10:37:23","guid":{"rendered":"https:\/\/cueillettesetpotions.fr\/?post_type=product&#038;p=1749"},"modified":"2026-01-23T21:48:36","modified_gmt":"2026-01-23T20:48:36","slug":"millepertuis","status":"publish","type":"product","link":"https:\/\/cueillettesetpotions.fr\/index.php\/produit\/millepertuis\/","title":{"rendered":"Millepertuis"},"content":{"rendered":"<p>Pour en savoir plus sur les propri\u00e9t\u00e9s de la teinture de Millepertuis : plus d&rsquo;infos <a href=\"https:\/\/www.altheaprovence.com\/millepertuis-hypericum-perforatum\/\" target=\"_blank\" rel=\"noopener\">ici<\/a>.<\/p>\n","protected":false},"excerpt":{"rendered":"<p class=\"p1\">Flacon de 60ml avec pipette compte-goutte.<br \/>\nProduits issus de l\u2019agriculture biologique Certifi\u00e9 par FR-BIO-01<br \/>\n1 flacon = une cure de 21 jours.<br \/>\nPlante fra\u00eeche, non congel\u00e9e.<\/p>\n<p>&nbsp;<\/p>\n<p class=\"p1\"><span class=\"s1\"><strong>Composition\u00a0:<\/strong> <\/span><\/p>\n<ul class=\"ul1\">\n<li class=\"li1\">Alcool (55% vol.)*<\/li>\n<li class=\"li1\">Eau<\/li>\n<li class=\"li1\">Millepertuis (Hypericum perforatum L.) &#8211; Sommit\u00e9s fleuries*<\/li>\n<\/ul>\n<p class=\"p1\"><span class=\"s1\"><strong>Posologie\u00a0:<\/strong> <\/span><\/p>\n<p>Pour un.e adulte : 20 \u00e0 60 gouttes par jour en 1 \u00e0 3 prises en dehors des repas, dilu\u00e9es dans un peu d\u2019eau. En cure de 21 jours renouvelable apr\u00e8s une semaine de pause.<br \/>\nAfin d&rsquo;\u00e9viter le risque d&rsquo;un syndrome de sevrage, il est conseill\u00e9 de diminuer graduellement les dosages de millepertuis sur 2 semaines lorsqu&rsquo;on est pr\u00eat \u00e0 interrompre celui-ci.<\/p>\n<p><strong>Contre-indication :<\/strong><\/p>\n<p>\u00c9viter de s\u2019exposer au soleil apr\u00e8s consommation. Utiliser une protection solaire cutan\u00e9e ; en cas de traitements m\u00e9dicamenteux, demandez conseil \u00e0 un.e professionnel.le de sant\u00e9.<\/p>\n<p class=\"p1\"><strong><span class=\"s1\">Pr\u00e9caution d\u2019emploi\u00a0:<\/span><\/strong><\/p>\n<ul class=\"ul1\">\n<li>Contient de l&rsquo;alcool.<\/li>\n<li>D\u00e9conseill\u00e9 chez les jeunes enfants ainsi que les femmes enceintes et allaitantes sans avis m\u00e9dical.<\/li>\n<li class=\"li1\">Respecter les doses conseill\u00e9es.<\/li>\n<li class=\"li1\">Ne peut se substituer \u00e0 une alimentation vari\u00e9e et \u00e9quilibr\u00e9e.<\/li>\n<li class=\"li1\">Tenir hors de la port\u00e9e des jeunes enfants.<\/li>\n<li class=\"li1\">Conserver dans un endroit frais.<\/li>\n<li class=\"li1\">Un l\u00e9ger trouble est possible. Agiter avant emploi.<\/li>\n<\/ul>\n","protected":false},"featured_media":2193,"comment_status":"closed","ping_status":"closed","template":"","meta":[],"product_brand":[],"product_cat":[26],"product_tag":[],"class_list":{"0":"post-1749","1":"product","2":"type-product","3":"status-publish","4":"has-post-thumbnail","6":"product_cat-alcoolature","8":"first","9":"instock","10":"taxable","11":"shipping-taxable","12":"purchasable","13":"product-type-simple"},"jetpack_sharing_enabled":true,"_links":{"self":[{"href":"https:\/\/cueillettesetpotions.fr\/index.php\/wp-json\/wp\/v2\/product\/1749","targetHints":{"allow":["GET"]}}],"collection":[{"href":"https:\/\/cueillettesetpotions.fr\/index.php\/wp-json\/wp\/v2\/product"}],"about":[{"href":"https:\/\/cueillettesetpotions.fr\/index.php\/wp-json\/wp\/v2\/types\/product"}],"replies":[{"embeddable":true,"href":"https:\/\/cueillettesetpotions.fr\/index.php\/wp-json\/wp\/v2\/comments?post=1749"}],"wp:featuredmedia":[{"embeddable":true,"href":"https:\/\/cueillettesetpotions.fr\/index.php\/wp-json\/wp\/v2\/media\/2193"}],"wp:attachment":[{"href":"https:\/\/cueillettesetpotions.fr\/index.php\/wp-json\/wp\/v2\/media?parent=1749"}],"wp:term":[{"taxonomy":"product_brand","embeddable":true,"href":"https:\/\/cueillettesetpotions.fr\/index.php\/wp-json\/wp\/v2\/product_brand?post=1749"},{"taxonomy":"product_cat","embeddable":true,"href":"https:\/\/cueillettesetpotions.fr\/index.php\/wp-json\/wp\/v2\/product_cat?post=1749"},{"taxonomy":"product_tag","embeddable":true,"href":"https:\/\/cueillettesetpotions.fr\/index.php\/wp-json\/wp\/v2\/product_tag?post=1749"}],"curies":[{"name":"wp","href":"https:\/\/api.w.org\/{rel}","templated":true}]}}