{"id":681,"date":"2022-07-02T05:28:59","date_gmt":"2022-07-02T05:28:59","guid":{"rendered":"https:\/\/demo.creativethemes.com\/elementor\/floreo\/?page_id=681"},"modified":"2025-12-18T15:37:10","modified_gmt":"2025-12-18T14:37:10","slug":"a-propos","status":"publish","type":"page","link":"https:\/\/cueillettesetpotions.fr\/index.php\/a-propos\/","title":{"rendered":"\u00c0 propos"},"content":{"rendered":"\t\t<div data-elementor-type=\"wp-page\" data-elementor-id=\"681\" class=\"elementor elementor-681\">\n\t\t\t\t<div class=\"elementor-element elementor-element-da2f1b1 e-flex e-con-boxed e-con e-parent\" data-id=\"da2f1b1\" data-element_type=\"container\" data-e-type=\"container\" data-settings=\"{&quot;background_background&quot;:&quot;classic&quot;}\">\n\t\t\t\t\t<div class=\"e-con-inner\">\n\t\t\t\t<div class=\"elementor-element elementor-element-3fedb34 elementor-widget elementor-widget-heading\" data-id=\"3fedb34\" data-element_type=\"widget\" data-e-type=\"widget\" data-widget_type=\"heading.default\">\n\t\t\t\t<div class=\"elementor-widget-container\">\n\t\t\t\t\t<h2 class=\"elementor-heading-title elementor-size-default\">\u00c0 propos<\/h2>\t\t\t\t<\/div>\n\t\t\t\t<\/div>\n\t\t\t\t\t<\/div>\n\t\t\t\t<\/div>\n\t\t<div class=\"elementor-element elementor-element-49a7938 e-flex e-con-boxed e-con e-parent\" data-id=\"49a7938\" data-element_type=\"container\" data-e-type=\"container\">\n\t\t\t\t\t<div class=\"e-con-inner\">\n\t\t<div class=\"elementor-element elementor-element-713c4d5 e-con-full elementor-hidden-mobile e-flex e-con e-child\" data-id=\"713c4d5\" data-element_type=\"container\" data-e-type=\"container\" data-settings=\"{&quot;background_background&quot;:&quot;classic&quot;}\">\n\t\t\t\t<div class=\"elementor-element elementor-element-8f69f04 elementor-widget elementor-widget-image\" data-id=\"8f69f04\" data-element_type=\"widget\" data-e-type=\"widget\" data-widget_type=\"image.default\">\n\t\t\t\t<div class=\"elementor-widget-container\">\n\t\t\t\t\t\t\t\t\t\t\t\t\t\t\t<img fetchpriority=\"high\" decoding=\"async\" width=\"404\" height=\"730\" src=\"https:\/\/i0.wp.com\/cueillettesetpotions.fr\/wp-content\/uploads\/2024\/02\/Cueillettes-et-potions_logo_B.png?fit=404%2C730&amp;ssl=1\" class=\"attachment-large size-large wp-image-1164\" alt=\"\" srcset=\"https:\/\/i0.wp.com\/cueillettesetpotions.fr\/wp-content\/uploads\/2024\/02\/Cueillettes-et-potions_logo_B.png?w=404&amp;ssl=1 404w, https:\/\/i0.wp.com\/cueillettesetpotions.fr\/wp-content\/uploads\/2024\/02\/Cueillettes-et-potions_logo_B.png?resize=166%2C300&amp;ssl=1 166w\" sizes=\"(max-width: 404px) 100vw, 404px\" \/>\t\t\t\t\t\t\t\t\t\t\t\t\t\t\t<\/div>\n\t\t\t\t<\/div>\n\t\t\t\t<\/div>\n\t\t<div class=\"elementor-element elementor-element-61b57e6 e-con-full e-flex e-con e-child\" data-id=\"61b57e6\" data-element_type=\"container\" data-e-type=\"container\" data-settings=\"{&quot;background_background&quot;:&quot;classic&quot;}\">\n\t\t\t\t<div class=\"elementor-element elementor-element-488c354 elementor-widget elementor-widget-text-editor\" data-id=\"488c354\" data-element_type=\"widget\" data-e-type=\"widget\" data-widget_type=\"text-editor.default\">\n\t\t\t\t<div class=\"elementor-widget-container\">\n\t\t\t\t\t\t\t\t\t<p class=\"p1\"><strong>Cueillettes &amp; Potions est n\u00e9e de la rencontre de deux naturalistes partageant le projet d&rsquo;une installation agricole associant protection de la biodiversit\u00e9 et pr\u00e9servation de la sant\u00e9.<\/strong><\/p><p class=\"p1\">En lien avec la nature depuis de nombreuses ann\u00e9es, nous avions \u00e0 c\u0153ur d\u2019\u0153uvrer pour son maintien tout en y pr\u00e9levant ses richesses afin de soutenir le corps.<\/p><p>Nous effectuons une r\u00e9colte parcimonieuse afin de pr\u00e9server les stations de cueillette et \u00e9vitons de cueillir deux ann\u00e9es de suite sur le m\u00eame arbre.<\/p><p>Nous fabriquons nos mac\u00e9rats de bourgeons via des cueillettes sauvages en majorit\u00e9, cueillies le plus localement possible. Nous cultivons \u00e9galement quelques plantes m\u00e9dicinales, utilis\u00e9es principalement pour les alcoolatures. \u00c0 ce jour, nous ne cultivons qu\u2019une centaine de m\u00e8tres carr\u00e9s.<\/p><p class=\"p1\">S&rsquo;ajoute \u00e0 cela, une passion pour l&rsquo;apiculture, qui nous apporte une certaine autonomie dans l&rsquo;approvisionnement des mati\u00e8res premi\u00e8res puisque\u00a0 nous utilisons le miel de nos ruches pour nos pr\u00e9parations \u00e0 base de bourgeons.<br \/>Notre objectif est d&rsquo;\u00eatre autonome dans la fabrication des mati\u00e8res premi\u00e8res utilis\u00e9es dans nos produits (alcool).<\/p><p>Cueillettes et Potions est une ferme familiale \u00e0 petite \u00e9chelle. Nous d\u00e9veloppons notre gamme au fur et \u00e0 mesure.<\/p><p>Nous sommes labellis\u00e9.es Agriculture biologique et postulant.e au label du syndicat des <a href=\"https:\/\/www.syndicat-simples.org\/\">SIMPLES<\/a>.<\/p>\t\t\t\t\t\t\t\t<\/div>\n\t\t\t\t<\/div>\n\t\t\t\t<\/div>\n\t\t\t\t\t<\/div>\n\t\t\t\t<\/div>\n\t\t<div class=\"elementor-element elementor-element-4f70546 e-flex e-con-boxed e-con e-parent\" data-id=\"4f70546\" data-element_type=\"container\" data-e-type=\"container\">\n\t\t\t\t\t<div class=\"e-con-inner\">\n\t\t<div class=\"elementor-element elementor-element-d35b71b e-con-full e-flex e-con e-child\" data-id=\"d35b71b\" data-element_type=\"container\" data-e-type=\"container\">\n\t\t\t\t<div class=\"elementor-element elementor-element-a29ea2a elementor-widget elementor-widget-text-editor\" data-id=\"a29ea2a\" data-element_type=\"widget\" data-e-type=\"widget\" data-widget_type=\"text-editor.default\">\n\t\t\t\t<div class=\"elementor-widget-container\">\n\t\t\t\t\t\t\t\t\t<h3 class=\"p1\"><b><span style=\"color: #ffffff;\">\u00c0 propos des cultures<\/span><br \/><\/b><\/h3><p class=\"p1\">Nous cultivons principalement les plantes utilis\u00e9es dans notre gamme d\u2019alcoolatures ainsi que certaines qu\u2019on ne trouve pas en sauvage (en Bretagne) que l\u2019on utilise pour la gemmoth\u00e9rapie (cassis, framboisiers\u2026). <\/p><h3 class=\"p1\"><span style=\"color: #ffffff;\"><strong>\u00c0 propos des cueillettes sauvages<\/strong><\/span><\/h3><p class=\"p1\">Nous r\u00e9coltons pour la majorit\u00e9 en Bretagne, ce que l\u2019on ne trouve pas localement, nous allons le cueillir dans les r\u00e9gions les plus propice \u00e0 leur biotope, une fois tous les 3 ans, afin de limiter nos d\u00e9placements.<\/p>\t\t\t\t\t\t\t\t<\/div>\n\t\t\t\t<\/div>\n\t\t\t\t<\/div>\n\t\t<div class=\"elementor-element elementor-element-45cf4a5 e-con-full e-flex e-con e-child\" data-id=\"45cf4a5\" data-element_type=\"container\" data-e-type=\"container\" data-settings=\"{&quot;background_background&quot;:&quot;classic&quot;}\">\n\t\t\t\t<\/div>\n\t\t\t\t\t<\/div>\n\t\t\t\t<\/div>\n\t\t<div class=\"elementor-element elementor-element-c64bf39 e-flex e-con-boxed e-con e-parent\" data-id=\"c64bf39\" data-element_type=\"container\" data-e-type=\"container\">\n\t\t\t\t\t<div class=\"e-con-inner\">\n\t\t<div class=\"elementor-element elementor-element-05b4749 e-con-full e-flex e-con e-child\" data-id=\"05b4749\" data-element_type=\"container\" data-e-type=\"container\" data-settings=\"{&quot;background_background&quot;:&quot;slideshow&quot;,&quot;background_slideshow_gallery&quot;:[{&quot;id&quot;:1678,&quot;url&quot;:&quot;https:\\\/\\\/cueillettesetpotions.fr\\\/wp-content\\\/uploads\\\/2024\\\/07\\\/25062024-DSC_4481-scaled-e1720446598465.jpg&quot;}],&quot;background_slideshow_slide_duration&quot;:3000,&quot;background_slideshow_loop&quot;:&quot;yes&quot;,&quot;background_slideshow_slide_transition&quot;:&quot;fade&quot;,&quot;background_slideshow_transition_duration&quot;:500}\">\n\t\t\t\t<\/div>\n\t\t<div class=\"elementor-element elementor-element-75c7296 e-con-full e-flex e-con e-child\" data-id=\"75c7296\" data-element_type=\"container\" data-e-type=\"container\">\n\t\t\t\t<div class=\"elementor-element elementor-element-3bfc831 elementor-widget elementor-widget-text-editor\" data-id=\"3bfc831\" data-element_type=\"widget\" data-e-type=\"widget\" data-widget_type=\"text-editor.default\">\n\t\t\t\t<div class=\"elementor-widget-container\">\n\t\t\t\t\t\t\t\t\t<h3 class=\"p1\"><span style=\"color: #ffffff;\"><b>\u00c0 propos de nos mati\u00e8res premi\u00e8res<\/b><\/span><\/h3><p class=\"p1\">Nous produisons le miel utilis\u00e9 dans les mac\u00e9rats de bourgeons.<\/p><p class=\"p1\">Pour l&rsquo;alcool nous travaillons avec deux fournisseurs.ses. Une productrice, labellis\u00e9e en agriculture biologique, situ\u00e9e \u00e0 Bannalec \u00e0 34km de la ferme pour la gemmoth\u00e9rapie (alcool de pomme \u00e0 70\u00b0) et une entreprise bas\u00e9e dans le sud de la France capable de produire un alcool vinique \u00e0 96\u00b0 pour les alcoolatures, en agriculture biologique. Nous avons \u00e9galement pour projet de produire notre propre alcool \u00e0 moyen terme.<\/p><p class=\"p3\">Nos avons port\u00e9 notre choix sur les flacons de la marque Mirons\u00ae en <span class=\"s1\">verre biophotonique<\/span> qui pr\u00e9serve au mieux l\u2019essence de nos produits. Ses propri\u00e9t\u00e9s sp\u00e9cifiques les prot\u00e8gent des effets nocifs de la lumi\u00e8re et prolongent leur dur\u00e9e de conservation.<\/p>\t\t\t\t\t\t\t\t<\/div>\n\t\t\t\t<\/div>\n\t\t\t\t<\/div>\n\t\t\t\t\t<\/div>\n\t\t\t\t<\/div>\n\t\t<div class=\"elementor-element elementor-element-63bb147 e-flex e-con-boxed e-con e-parent\" data-id=\"63bb147\" data-element_type=\"container\" data-e-type=\"container\" data-settings=\"{&quot;background_background&quot;:&quot;classic&quot;}\">\n\t\t\t\t\t<div class=\"e-con-inner\">\n\t\t\t\t<div class=\"elementor-element elementor-element-163316e elementor-widget elementor-widget-text-editor\" data-id=\"163316e\" data-element_type=\"widget\" data-e-type=\"widget\" data-widget_type=\"text-editor.default\">\n\t\t\t\t<div class=\"elementor-widget-container\">\n\t\t\t\t\t\t\t\t\t<h3 class=\"p1\" style=\"text-align: center;\"><span style=\"color: #ffffff;\"><strong>Nos proc\u00e9d\u00e9s<\/strong><\/span><\/h3><p class=\"p1\" style=\"text-align: center;\">Concernant la gemmoth\u00e9rapie, les bourgeons ne sont ni congel\u00e9s ni s\u00e9ch\u00e9s, ils sont mis \u00e0 mac\u00e9rer sur le lieu de cueillette le plus rapidement possible.<\/p><p style=\"text-align: center;\">Concernant les alcoolatures, les plantes sont cueillies \u00e0 la ferme et coup\u00e9es pour augmenter le contact entre les plantes et le liquide (eau alcool). Elles sont ensuite directement mises en mac\u00e9ration \u00e0 la ferme. Nous transformons les plantes fra\u00eeches.<\/p>\t\t\t\t\t\t\t\t<\/div>\n\t\t\t\t<\/div>\n\t\t\t\t\t<\/div>\n\t\t\t\t<\/div>\n\t\t\t\t<\/div>\n\t\t","protected":false},"excerpt":{"rendered":"<p>\u00c0 propos Cueillettes &amp; Potions est n\u00e9e de la rencontre de deux naturalistes partageant le projet d&rsquo;une installation agricole associant protection de la biodiversit\u00e9 et pr\u00e9servation de la sant\u00e9. En lien avec la nature depuis de nombreuses ann\u00e9es, nous avions \u00e0 c\u0153ur d\u2019\u0153uvrer pour son maintien tout en y pr\u00e9levant ses richesses afin de soutenir [&hellip;]<\/p>\n","protected":false},"author":1,"featured_media":0,"parent":0,"menu_order":0,"comment_status":"closed","ping_status":"closed","template":"","meta":{"footnotes":""},"class_list":["post-681","page","type-page","status-publish","hentry"],"blocksy_meta":{"styles_descriptor":{"styles":{"desktop":"","tablet":"","mobile":""},"google_fonts":[],"version":6},"page_title_panel":"","has_hero_section":"disabled","1d15b7934ff424ab25737f2d764de13a":"","hero_section":"type-1","hero_elements":[{"id":"custom_title","enabled":true,"heading_tag":"h1","title":"Home"},{"id":"custom_description","enabled":true,"description_visibility":{"desktop":true,"tablet":true,"mobile":false}},{"id":"custom_meta","enabled":false,"meta_elements":[{"id":"author","enabled":true,"label":"By","has_author_avatar":"yes","avatar_size":25},{"id":"post_date","enabled":true,"label":"On","date_format_source":"default","date_format":"M j, Y"},{"id":"updated_date","enabled":false,"label":"On","date_format_source":"default","date_format":"M j, Y"},{"id":"categories","enabled":false,"label":"In","style":"simple"},{"id":"comments","enabled":true}],"page_meta_elements":{"joined":true,"articles_count":true,"comments":true}},{"id":"breadcrumbs","enabled":false}],"e377139f0e48a4cb5a64798ea8d651b9":"","hero_alignment1":"CT_CSS_SKIP_RULE","hero_margin":40,"hero_alignment2":"center","hero_vertical_alignment":"center","af09189de71c08c18e1cd076aeaad8fe":"","hero_structure":"narrow","4241a204ae10e70836b130f646a7f2d5":"","page_title_bg_type":"featured_image","custom_hero_background":{"attachment_id":null},"page_title_image_size":"full","parallax":{"desktop":false,"tablet":false,"mobile":false},"37c6846e78051bc32791c6958664507d":"","hero_height":"250px","pageTitleFont":{"family":"Default","variation":"Default","size":"30px","line-height":"CT_CSS_SKIP_RULE","letter-spacing":"CT_CSS_SKIP_RULE","text-transform":"CT_CSS_SKIP_RULE","text-decoration":"CT_CSS_SKIP_RULE"},"pageTitleFontColor":{"default":{"color":"CT_CSS_SKIP_RULEDEFAULT"}},"pageMetaFont":{"family":"Default","variation":"n6","size":"12px","line-height":"1.3","letter-spacing":"CT_CSS_SKIP_RULE","text-transform":"uppercase","text-decoration":"CT_CSS_SKIP_RULE"},"pageMetaFontColor":{"default":{"color":"CT_CSS_SKIP_RULEDEFAULT"},"hover":{"color":"CT_CSS_SKIP_RULEDEFAULT"}},"page_meta_button_type_font_colors":{"default":{"color":"CT_CSS_SKIP_RULEDEFAULT"},"hover":{"color":"CT_CSS_SKIP_RULEDEFAULT"}},"page_meta_button_type_background_colors":{"default":{"color":"CT_CSS_SKIP_RULEDEFAULT"},"hover":{"color":"CT_CSS_SKIP_RULEDEFAULT"}},"pageExcerptFont":{"family":"Default","variation":"Default","size":"CT_CSS_SKIP_RULE","line-height":"CT_CSS_SKIP_RULE","letter-spacing":"CT_CSS_SKIP_RULE","text-transform":"CT_CSS_SKIP_RULE","text-decoration":"CT_CSS_SKIP_RULE"},"pageExcerptColor":{"default":{"color":"CT_CSS_SKIP_RULEDEFAULT"}},"breadcrumbsFont":{"family":"Default","variation":"Default","size":"CT_CSS_SKIP_RULE","line-height":"CT_CSS_SKIP_RULE","letter-spacing":"CT_CSS_SKIP_RULE","text-transform":"CT_CSS_SKIP_RULE","text-decoration":"CT_CSS_SKIP_RULE"},"breadcrumbsFontColor":{"default":{"color":"CT_CSS_SKIP_RULEDEFAULT"},"initial":{"color":"CT_CSS_SKIP_RULEDEFAULT"},"hover":{"color":"CT_CSS_SKIP_RULEDEFAULT"}},"pageTitleOverlay":{"background_type":"color","background_pattern":"type-1","background_image":{"attachment_id":null,"x":0,"y":0},"gradient":"linear-gradient(135deg,rgba(6,147,227,1) 0%,rgb(155,81,224) 100%)","background_repeat":"repeat","background_size":"auto","background_attachment":"scroll","patternColor":{"default":{"color":"#e5e7ea"}},"overlayColor":{"default":{"color":"CT_CSS_SKIP_RULE"}},"backgroundColor":{"default":{"color":"CT_CSS_SKIP_RULE"}}},"pageTitleBackground":{"background_type":"color","background_pattern":"type-1","background_image":{"attachment_id":null,"x":0,"y":0},"gradient":"linear-gradient(135deg,rgba(6,147,227,1) 0%,rgb(155,81,224) 100%)","background_repeat":"repeat","background_size":"auto","background_attachment":"scroll","patternColor":{"default":{"color":"#e5e7ea"}},"overlayColor":{"default":{"color":"CT_CSS_SKIP_RULE"}},"backgroundColor":{"default":{"color":"var(--theme-palette-color-6)"}}},"pageTitlePadding":{"top":"50px","bottom":"50px","left":"auto","right":"auto","linked":true},"a8fa859ceafab67cbfce97e380ccc088":"","page_structure_type":"default","2c44625e200027fb7003d1deb510aed8":"","content_style_source":"inherit","content_style":"wide","vertical_spacing_source":"custom","content_area_spacing":"none","background":{"background_type":"color","background_pattern":"type-1","background_image":{"attachment_id":null,"x":0,"y":0},"gradient":"linear-gradient(135deg,rgba(6,147,227,1) 0%,rgb(155,81,224) 100%)","background_repeat":"repeat","background_size":"auto","background_attachment":"scroll","patternColor":{"default":{"color":"#e5e7ea"}},"overlayColor":{"default":{"color":"CT_CSS_SKIP_RULE"}},"backgroundColor":{"default":{"color":"CT_CSS_SKIP_RULE"}}},"content_background":{"background_type":"color","background_pattern":"type-1","background_image":{"attachment_id":null,"x":0,"y":0},"gradient":"linear-gradient(135deg,rgba(6,147,227,1) 0%,rgb(155,81,224) 100%)","background_repeat":"repeat","background_size":"auto","background_attachment":"scroll","patternColor":{"default":{"color":"#e5e7ea"}},"overlayColor":{"default":{"color":"CT_CSS_SKIP_RULE"}},"backgroundColor":{"default":{"color":"var(--theme-palette-color-8)"}}},"content_boxed_shadow":{"inherit":false,"blur":18,"spread":-6,"v_offset":12,"h_offset":0,"inset":false,"enable":true,"color":{"color":"rgba(34, 56, 101, 0.04)"}},"content_boxed_border":{"width":1,"style":"none","color":{"color":"rgba(44,62,80,0.2)"}},"content_boxed_radius":{"top":"3px","bottom":"3px","left":"3px","right":"3px","linked":true},"boxed_content_spacing":{"desktop":{"top":"40px","bottom":"40px","left":"40px","right":"40px","linked":true},"tablet":{"top":"35px","bottom":"35px","left":"35px","right":"35px","linked":true},"mobile":{"top":"20px","bottom":"20px","left":"20px","right":"20px","linked":true}},"b6a9da5a132a1b76f66ef374aa22372c":"","disable_featured_image":"no","disable_share_box":"no","disable_header":"no","disable_footer":"no"},"jetpack_sharing_enabled":true,"_links":{"self":[{"href":"https:\/\/cueillettesetpotions.fr\/index.php\/wp-json\/wp\/v2\/pages\/681","targetHints":{"allow":["GET"]}}],"collection":[{"href":"https:\/\/cueillettesetpotions.fr\/index.php\/wp-json\/wp\/v2\/pages"}],"about":[{"href":"https:\/\/cueillettesetpotions.fr\/index.php\/wp-json\/wp\/v2\/types\/page"}],"author":[{"embeddable":true,"href":"https:\/\/cueillettesetpotions.fr\/index.php\/wp-json\/wp\/v2\/users\/1"}],"replies":[{"embeddable":true,"href":"https:\/\/cueillettesetpotions.fr\/index.php\/wp-json\/wp\/v2\/comments?post=681"}],"version-history":[{"count":27,"href":"https:\/\/cueillettesetpotions.fr\/index.php\/wp-json\/wp\/v2\/pages\/681\/revisions"}],"predecessor-version":[{"id":2289,"href":"https:\/\/cueillettesetpotions.fr\/index.php\/wp-json\/wp\/v2\/pages\/681\/revisions\/2289"}],"wp:attachment":[{"href":"https:\/\/cueillettesetpotions.fr\/index.php\/wp-json\/wp\/v2\/media?parent=681"}],"curies":[{"name":"wp","href":"https:\/\/api.w.org\/{rel}","templated":true}]}}